{"id":78,"date":"2017-12-12T11:24:21","date_gmt":"2017-12-12T15:24:21","guid":{"rendered":"http:\/\/ayuntamiento.guineo\/transparencia\/?page_id=78"},"modified":"2022-03-10T09:58:27","modified_gmt":"2022-03-10T13:58:27","slug":"definicion-oaim-oficina-de-acceso-a-la-informacion-municipal","status":"publish","type":"page","link":"https:\/\/ayuntamientovillaaltagracia.gob.do\/transparencia\/definicion-oaim-oficina-de-acceso-a-la-informacion-municipal\/","title":{"rendered":"Definici\u00f3n OAIM (Oficina de Acceso a la Informaci\u00f3n Municipal)"},"content":{"rendered":"<div class=\"cabeza\">\n<div class=\"descripcion\">\n<div class=\"\">\n<div class=\"info\">\n<p><span style=\"font-size: 14pt\"><strong>Servicios de Libre informaci\u00f3n y Transparencia.<\/strong><\/span><\/p>\n<p>La Oficina de acceso a la informaci\u00f3n (OAI), es un mandato de la Ley General de Libre Acceso a la Informaci\u00f3n P\u00fablica Ley 200-04 y el Decreto N\u00b0 130-05 que crea el reglamento de dicha ley, con el objetivo de apoyar a entidades y personas tanto p\u00fablicas como privadas mediante las informaciones solicitadas.<\/p>\n<div class=\"\">\n<h2 class=\"title\"><\/h2>\n<\/div>\n<\/div>\n<\/div>\n<div class=\"\">\n<h2 class=\"title\">A qui\u00e9n va dirigido<\/h2>\n<div class=\"info\"><i class=\"fa fa-angle-right magc\"><\/i>\u00a0A todos los ciudadanos.<\/div>\n<\/div>\n<\/div>\n<\/div>\n<div class=\"datos-de-contactos\">\n<p>Departamento de Libre Acceso a la Informaci\u00f3n<\/p>\n<p>PERSONA RESPONSABLE<\/p>\n<p><strong>JUANA PEREZ CASILLA<\/strong><br \/>\nResponsable de Acceso a la Informaci\u00f3n Municipal (RAIM)<br \/>\n<strong>Tel\u00e9fono<\/strong>: 809-375-6858\u00a0 y 809-375-8352<\/p>\n<p><strong>Cel.<\/strong> \u00a0829-569-2433<br \/>\n<strong>Correo electr\u00f3nico: <\/strong>info@ayuntamientovillaaltagracia.gob.do<br \/>\n<strong>Direcci\u00f3n:<\/strong>\u00a0Ave. Juan Pablo Duarte # 35, Villa Altagracia, Provincia San Crist\u00f3bal.. \u00a0Entrada del Primer Nivel del Palacio Municipal.<\/p>\n<\/div>\n","protected":false},"excerpt":{"rendered":"Servicios de Libre informaci\u00f3n y Transparencia. La Oficina de acceso a la informaci\u00f3n (OAI), es un mandato de la Ley General de Libre Acceso a la Informaci\u00f3n P\u00fablica Ley 200-04 y el Decreto N\u00b0 130-05 que crea el reglamento de dicha ley, con el objetivo de apoyar a entidades y personas tanto p\u00fablicas como privadas&#8230;","protected":false},"author":4,"featured_media":0,"parent":0,"menu_order":0,"comment_status":"closed","ping_status":"closed","template":"","meta":[],"_links":{"self":[{"href":"https:\/\/ayuntamientovillaaltagracia.gob.do\/transparencia\/wp-json\/wp\/v2\/pages\/78"}],"collection":[{"href":"https:\/\/ayuntamientovillaaltagracia.gob.do\/transparencia\/wp-json\/wp\/v2\/pages"}],"about":[{"href":"https:\/\/ayuntamientovillaaltagracia.gob.do\/transparencia\/wp-json\/wp\/v2\/types\/page"}],"author":[{"embeddable":true,"href":"https:\/\/ayuntamientovillaaltagracia.gob.do\/transparencia\/wp-json\/wp\/v2\/users\/4"}],"replies":[{"embeddable":true,"href":"https:\/\/ayuntamientovillaaltagracia.gob.do\/transparencia\/wp-json\/wp\/v2\/comments?post=78"}],"version-history":[{"count":5,"href":"https:\/\/ayuntamientovillaaltagracia.gob.do\/transparencia\/wp-json\/wp\/v2\/pages\/78\/revisions"}],"predecessor-version":[{"id":826,"href":"https:\/\/ayuntamientovillaaltagracia.gob.do\/transparencia\/wp-json\/wp\/v2\/pages\/78\/revisions\/826"}],"wp:attachment":[{"href":"https:\/\/ayuntamientovillaaltagracia.gob.do\/transparencia\/wp-json\/wp\/v2\/media?parent=78"}],"curies":[{"name":"wp","href":"https:\/\/api.w.org\/{rel}","templated":true}]}}